{"id":127,"date":"2025-04-28T08:43:42","date_gmt":"2025-04-28T08:43:42","guid":{"rendered":"https:\/\/www.alabdulhadiengineering.com\/architecture-design\/"},"modified":"2025-05-06T07:59:11","modified_gmt":"2025-05-06T07:59:11","slug":"architecture-design","status":"publish","type":"page","link":"https:\/\/alabdulhadiengineering.com\/fr\/architecture-design\/","title":{"rendered":"Conception architecturale et planification g\u00e9n\u00e9rale"},"content":{"rendered":"<p>Concevoir des designs cr\u00e9atifs, respectueux de l\u2019environnement, ancr\u00e9s dans notre compr\u00e9hension des cultures et des paysages locaux.<\/p>\n","protected":false},"excerpt":{"rendered":"<p>Concevoir des designs cr\u00e9atifs, respectueux de l\u2019environnement, ancr\u00e9s dans notre compr\u00e9hension des cultures et des paysages locaux.<\/p>\n","protected":false},"author":1,"featured_media":0,"parent":0,"menu_order":0,"comment_status":"closed","ping_status":"closed","template":"building-engineering-template.php","meta":{"footnotes":""},"class_list":["post-127","page","type-page","status-publish","hentry"],"acf":[],"_links":{"self":[{"href":"https:\/\/alabdulhadiengineering.com\/fr\/wp-json\/wp\/v2\/pages\/127","targetHints":{"allow":["GET"]}}],"collection":[{"href":"https:\/\/alabdulhadiengineering.com\/fr\/wp-json\/wp\/v2\/pages"}],"about":[{"href":"https:\/\/alabdulhadiengineering.com\/fr\/wp-json\/wp\/v2\/types\/page"}],"author":[{"embeddable":true,"href":"https:\/\/alabdulhadiengineering.com\/fr\/wp-json\/wp\/v2\/users\/1"}],"replies":[{"embeddable":true,"href":"https:\/\/alabdulhadiengineering.com\/fr\/wp-json\/wp\/v2\/comments?post=127"}],"version-history":[{"count":6,"href":"https:\/\/alabdulhadiengineering.com\/fr\/wp-json\/wp\/v2\/pages\/127\/revisions"}],"predecessor-version":[{"id":1180,"href":"https:\/\/alabdulhadiengineering.com\/fr\/wp-json\/wp\/v2\/pages\/127\/revisions\/1180"}],"wp:attachment":[{"href":"https:\/\/alabdulhadiengineering.com\/fr\/wp-json\/wp\/v2\/media?parent=127"}],"curies":[{"name":"wp","href":"https:\/\/api.w.org\/{rel}","templated":true}]}}