{"id":1220,"date":"2025-05-06T10:46:44","date_gmt":"2025-05-06T10:46:44","guid":{"rendered":"https:\/\/www.alabdulhadiengineering.com\/risk-safety-management-2\/"},"modified":"2025-05-06T11:03:40","modified_gmt":"2025-05-06T11:03:40","slug":"risk-safety-management-2","status":"publish","type":"page","link":"https:\/\/alabdulhadiengineering.com\/fr\/risk-safety-management-2\/","title":{"rendered":"Gestion des risques et de la s\u00e9curit\u00e9"},"content":{"rendered":"<p>En raison des accidents historiques \u00e0 grande \u00e9chelle, le risque inh\u00e9rent aux projets d\u2019infrastructure et industriels en g\u00e9n\u00e9ral est devenu l\u2019objet de l\u2019attention du public. Cela a entra\u00een\u00e9 des normes de risque et de s\u00e9curit\u00e9 plus strictes pour les structures et les installations, et il en est r\u00e9sult\u00e9 que des enqu\u00eates et des v\u00e9rifications sp\u00e9cifiques aux risques et \u00e0 la s\u00e9curit\u00e9 sont requises d\u00e8s l\u2019\u00e9tape de demande de permis d\u2019un projet.<\/p>\n<p>Les services de gestion des risques et de la s\u00e9curit\u00e9 peuvent comprendre l\u2019\u00e9laboration de sc\u00e9narios de danger et de mesures de pr\u00e9caution appropri\u00e9es pour la phase de construction.<\/p>\n<p><strong>AEC poss\u00e8de de nombreuses ann\u00e9es d\u2019exp\u00e9rience dans la gestion des risques et de la s\u00e9curit\u00e9 des projets d\u2019infrastructure et des usines industrielles. Les services de l\u2019AEC dans ce domaine comprennent\u00a0:<\/strong><\/p>\n","protected":false},"excerpt":{"rendered":"<p>En raison des accidents historiques \u00e0 grande \u00e9chelle, le risque inh\u00e9rent aux projets d\u2019infrastructure et industriels en g\u00e9n\u00e9ral est devenu l\u2019objet de l\u2019attention du public. Cela a entra\u00een\u00e9 des normes de risque et de s\u00e9curit\u00e9 plus strictes pour les structures et les installations, et il en est r\u00e9sult\u00e9 que des enqu\u00eates et des v\u00e9rifications sp\u00e9cifiques [&hellip;]<\/p>\n","protected":false},"author":1,"featured_media":0,"parent":0,"menu_order":0,"comment_status":"closed","ping_status":"closed","template":"risk-safety-template.php","meta":{"footnotes":""},"class_list":["post-1220","page","type-page","status-publish","hentry"],"acf":[],"_links":{"self":[{"href":"https:\/\/alabdulhadiengineering.com\/fr\/wp-json\/wp\/v2\/pages\/1220","targetHints":{"allow":["GET"]}}],"collection":[{"href":"https:\/\/alabdulhadiengineering.com\/fr\/wp-json\/wp\/v2\/pages"}],"about":[{"href":"https:\/\/alabdulhadiengineering.com\/fr\/wp-json\/wp\/v2\/types\/page"}],"author":[{"embeddable":true,"href":"https:\/\/alabdulhadiengineering.com\/fr\/wp-json\/wp\/v2\/users\/1"}],"replies":[{"embeddable":true,"href":"https:\/\/alabdulhadiengineering.com\/fr\/wp-json\/wp\/v2\/comments?post=1220"}],"version-history":[{"count":1,"href":"https:\/\/alabdulhadiengineering.com\/fr\/wp-json\/wp\/v2\/pages\/1220\/revisions"}],"predecessor-version":[{"id":1221,"href":"https:\/\/alabdulhadiengineering.com\/fr\/wp-json\/wp\/v2\/pages\/1220\/revisions\/1221"}],"wp:attachment":[{"href":"https:\/\/alabdulhadiengineering.com\/fr\/wp-json\/wp\/v2\/media?parent=1220"}],"curies":[{"name":"wp","href":"https:\/\/api.w.org\/{rel}","templated":true}]}}