{"id":1210,"date":"2025-04-30T07:57:51","date_gmt":"2025-04-30T07:57:51","guid":{"rendered":"https:\/\/www.alabdulhadiengineering.com\/innovative-thinking\/"},"modified":"2025-05-06T10:31:31","modified_gmt":"2025-05-06T10:31:31","slug":"innovative-thinking","status":"publish","type":"page","link":"https:\/\/alabdulhadiengineering.com\/fr\/innovative-thinking\/","title":{"rendered":"Pens\u00e9e novatrice"},"content":{"rendered":"<p>Comme l\u2019ont d\u00e9montr\u00e9 les fondateurs de l\u2019entreprise d\u00e8s le d\u00e9but, AEC a toujours accord\u00e9 une grande importance aux solutions innovantes. AEC comprend et promeut l\u2019innovation tant en ce qui concerne ses solutions techniques, ses mat\u00e9riaux et ses \u00e9tapes de travail que dans ses propres processus et outils de travail.<\/p>\n<p>Bien que l\u2019AEC ne soit pas un institut de recherche, il s\u2019associe \u00e0 des tiers et \u00e0 des entit\u00e9s publiques et priv\u00e9es pour participer \u00e0 des projets de recherche bien s\u00e9lectionn\u00e9s dans diff\u00e9rents secteurs. En outre, l\u2019AEC participe activement \u00e0 divers groupes de travail afin d\u2019\u00e9laborer de nouvelles directives et de nouveaux concepts.<\/p>\n","protected":false},"excerpt":{"rendered":"<p>Comme l\u2019ont d\u00e9montr\u00e9 les fondateurs de l\u2019entreprise d\u00e8s le d\u00e9but, AEC a toujours accord\u00e9 une grande importance aux solutions innovantes. AEC comprend et promeut l\u2019innovation tant en ce qui concerne ses solutions techniques, ses mat\u00e9riaux et ses \u00e9tapes de travail que dans ses propres processus et outils de travail. Bien que l\u2019AEC ne soit pas [&hellip;]<\/p>\n","protected":false},"author":1,"featured_media":0,"parent":0,"menu_order":0,"comment_status":"closed","ping_status":"closed","template":"building-engineering-template.php","meta":{"footnotes":""},"class_list":["post-1210","page","type-page","status-publish","hentry"],"acf":[],"_links":{"self":[{"href":"https:\/\/alabdulhadiengineering.com\/fr\/wp-json\/wp\/v2\/pages\/1210","targetHints":{"allow":["GET"]}}],"collection":[{"href":"https:\/\/alabdulhadiengineering.com\/fr\/wp-json\/wp\/v2\/pages"}],"about":[{"href":"https:\/\/alabdulhadiengineering.com\/fr\/wp-json\/wp\/v2\/types\/page"}],"author":[{"embeddable":true,"href":"https:\/\/alabdulhadiengineering.com\/fr\/wp-json\/wp\/v2\/users\/1"}],"replies":[{"embeddable":true,"href":"https:\/\/alabdulhadiengineering.com\/fr\/wp-json\/wp\/v2\/comments?post=1210"}],"version-history":[{"count":1,"href":"https:\/\/alabdulhadiengineering.com\/fr\/wp-json\/wp\/v2\/pages\/1210\/revisions"}],"predecessor-version":[{"id":1211,"href":"https:\/\/alabdulhadiengineering.com\/fr\/wp-json\/wp\/v2\/pages\/1210\/revisions\/1211"}],"wp:attachment":[{"href":"https:\/\/alabdulhadiengineering.com\/fr\/wp-json\/wp\/v2\/media?parent=1210"}],"curies":[{"name":"wp","href":"https:\/\/api.w.org\/{rel}","templated":true}]}}