{"id":1208,"date":"2025-04-30T07:50:33","date_gmt":"2025-04-30T07:50:33","guid":{"rendered":"https:\/\/www.alabdulhadiengineering.com\/compliance-management-system\/"},"modified":"2025-05-06T10:29:03","modified_gmt":"2025-05-06T10:29:03","slug":"compliance-management-system","status":"publish","type":"page","link":"https:\/\/alabdulhadiengineering.com\/fr\/compliance-management-system\/","title":{"rendered":"Syst\u00e8me de gestion de la conformit\u00e9"},"content":{"rendered":"<p>Afin de garantir le respect des lois et des directives applicables, toutes les soci\u00e9t\u00e9s du groupe AEC maintiennent des syst\u00e8mes de gestion de la conformit\u00e9 (CMS) adapt\u00e9s \u00e0 leurs environnements de march\u00e9 sp\u00e9cifiques.<\/p>\n<p>En plus de surveiller les dispositions pertinentes et de mettre en \u0153uvre des mesures organisationnelles, les responsables de la conformit\u00e9 \u00e9valuent r\u00e9guli\u00e8rement l\u2019efficacit\u00e9 de ces syst\u00e8mes.<\/p>\n<h4>Contact central pour le lancement d\u2019alerte<\/h4>\n<p>Le CMS du Groupe AEC int\u00e8gre un m\u00e9canisme d\u2019alerte robuste.<\/p>\n<p>Ce syst\u00e8me permet aux employ\u00e9s d\u2019AEC, aux partenaires commerciaux et aux parties externes de signaler toute irr\u00e9gularit\u00e9 ou cas de mauvaise conduite observ\u00e9 en contactant\u00a0<a href=\"mailto:info@alabdulhadiengineering.com\">info@alabdulhadiengineering.com<\/a><\/p>\n<p>AEC s\u2019engage pleinement \u00e0 prot\u00e9ger la vie priv\u00e9e des d\u00e9nonciateurs et \u00e0 maintenir la confidentialit\u00e9 des informations fournies. Les divulgations et les identit\u00e9s des lanceurs d\u2019alerte sont trait\u00e9es de mani\u00e8re strictement confidentielle, dans le plein respect de la directive europ\u00e9enne 2019\/1937 sur les lanceurs d\u2019alerte.<\/p>\n<p>Aucune mesure de repr\u00e9sailles ne sera tol\u00e9r\u00e9e \u00e0 l\u2019encontre des personnes qui soul\u00e8vent des pr\u00e9occupations ou signalent des incidents par le biais de ce syst\u00e8me de d\u00e9nonciation.<\/p>\n","protected":false},"excerpt":{"rendered":"<p>Afin de garantir le respect des lois et des directives applicables, toutes les soci\u00e9t\u00e9s du groupe AEC maintiennent des syst\u00e8mes de gestion de la conformit\u00e9 (CMS) adapt\u00e9s \u00e0 leurs environnements de march\u00e9 sp\u00e9cifiques. En plus de surveiller les dispositions pertinentes et de mettre en \u0153uvre des mesures organisationnelles, les responsables de la conformit\u00e9 \u00e9valuent r\u00e9guli\u00e8rement [&hellip;]<\/p>\n","protected":false},"author":1,"featured_media":0,"parent":0,"menu_order":0,"comment_status":"closed","ping_status":"closed","template":"Compliance-Management-service.php","meta":{"footnotes":""},"class_list":["post-1208","page","type-page","status-publish","hentry"],"acf":[],"_links":{"self":[{"href":"https:\/\/alabdulhadiengineering.com\/fr\/wp-json\/wp\/v2\/pages\/1208","targetHints":{"allow":["GET"]}}],"collection":[{"href":"https:\/\/alabdulhadiengineering.com\/fr\/wp-json\/wp\/v2\/pages"}],"about":[{"href":"https:\/\/alabdulhadiengineering.com\/fr\/wp-json\/wp\/v2\/types\/page"}],"author":[{"embeddable":true,"href":"https:\/\/alabdulhadiengineering.com\/fr\/wp-json\/wp\/v2\/users\/1"}],"replies":[{"embeddable":true,"href":"https:\/\/alabdulhadiengineering.com\/fr\/wp-json\/wp\/v2\/comments?post=1208"}],"version-history":[{"count":1,"href":"https:\/\/alabdulhadiengineering.com\/fr\/wp-json\/wp\/v2\/pages\/1208\/revisions"}],"predecessor-version":[{"id":1209,"href":"https:\/\/alabdulhadiengineering.com\/fr\/wp-json\/wp\/v2\/pages\/1208\/revisions\/1209"}],"wp:attachment":[{"href":"https:\/\/alabdulhadiengineering.com\/fr\/wp-json\/wp\/v2\/media?parent=1208"}],"curies":[{"name":"wp","href":"https:\/\/api.w.org\/{rel}","templated":true}]}}