{"id":1203,"date":"2025-04-30T07:28:24","date_gmt":"2025-04-30T07:28:24","guid":{"rendered":"https:\/\/www.alabdulhadiengineering.com\/cost-management\/"},"modified":"2025-05-06T10:26:41","modified_gmt":"2025-05-06T10:26:41","slug":"cost-management","status":"publish","type":"page","link":"https:\/\/alabdulhadiengineering.com\/fr\/cost-management\/","title":{"rendered":"Gestion des co\u00fbts"},"content":{"rendered":"<h3>Aligner les budgets de projet avec le contr\u00f4le des co\u00fbts<\/h3>\n<p>Notre approche garantit la transparence, l\u2019objectivit\u00e9 et l\u2019int\u00e9grit\u00e9 dans chaque mission. Forts d\u2019une vaste exp\u00e9rience dans divers march\u00e9s, nous sommes une entreprise de premier plan sp\u00e9cialis\u00e9e dans la gestion des co\u00fbts et des contrats pour les projets de construction et d\u2019infrastructure.<\/p>\n","protected":false},"excerpt":{"rendered":"<p>Aligner les budgets de projet avec le contr\u00f4le des co\u00fbts Notre approche garantit la transparence, l\u2019objectivit\u00e9 et l\u2019int\u00e9grit\u00e9 dans chaque mission. Forts d\u2019une vaste exp\u00e9rience dans divers march\u00e9s, nous sommes une entreprise de premier plan sp\u00e9cialis\u00e9e dans la gestion des co\u00fbts et des contrats pour les projets de construction et d\u2019infrastructure.<\/p>\n","protected":false},"author":1,"featured_media":0,"parent":0,"menu_order":0,"comment_status":"closed","ping_status":"closed","template":"building-engineering-template.php","meta":{"footnotes":""},"class_list":["post-1203","page","type-page","status-publish","hentry"],"acf":[],"_links":{"self":[{"href":"https:\/\/alabdulhadiengineering.com\/fr\/wp-json\/wp\/v2\/pages\/1203","targetHints":{"allow":["GET"]}}],"collection":[{"href":"https:\/\/alabdulhadiengineering.com\/fr\/wp-json\/wp\/v2\/pages"}],"about":[{"href":"https:\/\/alabdulhadiengineering.com\/fr\/wp-json\/wp\/v2\/types\/page"}],"author":[{"embeddable":true,"href":"https:\/\/alabdulhadiengineering.com\/fr\/wp-json\/wp\/v2\/users\/1"}],"replies":[{"embeddable":true,"href":"https:\/\/alabdulhadiengineering.com\/fr\/wp-json\/wp\/v2\/comments?post=1203"}],"version-history":[{"count":3,"href":"https:\/\/alabdulhadiengineering.com\/fr\/wp-json\/wp\/v2\/pages\/1203\/revisions"}],"predecessor-version":[{"id":1207,"href":"https:\/\/alabdulhadiengineering.com\/fr\/wp-json\/wp\/v2\/pages\/1203\/revisions\/1207"}],"wp:attachment":[{"href":"https:\/\/alabdulhadiengineering.com\/fr\/wp-json\/wp\/v2\/media?parent=1203"}],"curies":[{"name":"wp","href":"https:\/\/api.w.org\/{rel}","templated":true}]}}