{"id":1201,"date":"2025-04-30T07:05:20","date_gmt":"2025-04-30T07:05:20","guid":{"rendered":"https:\/\/www.alabdulhadiengineering.com\/knowledge-management\/"},"modified":"2025-05-06T09:59:27","modified_gmt":"2025-05-06T09:59:27","slug":"knowledge-management","status":"publish","type":"page","link":"https:\/\/alabdulhadiengineering.com\/fr\/knowledge-management\/","title":{"rendered":"Gestion des connaissances"},"content":{"rendered":"<p>La gestion des connaissances est essentielle dans les domaines bas\u00e9s sur le savoir faire comme ceux de l\u2019AEC. Des cadres responsables et comp\u00e9tents sont affect\u00e9s \u00e0 tous les domaines sp\u00e9cialis\u00e9s de l\u2019AEC. Leur r\u00f4le est d\u2019\u00e9largir en permanence les connaissances de l\u2019AEC dans leurs domaines d\u2019expertise respectifs, de cr\u00e9er de la documentation et de la transmettre \u00e0 l\u2019ensemble du groupe AEC. Les responsables des comp\u00e9tences sont des partenaires internes pour relever les d\u00e9fis dans leurs domaines de comp\u00e9tence respectifs. Pour faciliter l\u2019acc\u00e8s \u00e0 la vaste base de connaissances d\u2019AEC, le Groupe a mis en place le Portail de connaissances AEC. Il est accessible \u00e0 tous les employ\u00e9s et contient une vaste collection de documents internes et externes.<\/p>\n<p>Il est evident qu\u2019une formation qui r\u00e9pond aux besoins individuels des employ\u00e9s est tr\u00e8s importante. Fournir des cours de formation sur mesure et des programmes complets \u00e0 notre personnel pour r\u00e9pondre \u00e0 ces besoins.<\/p>\n","protected":false},"excerpt":{"rendered":"<p>La gestion des connaissances est essentielle dans les domaines bas\u00e9s sur le savoir faire comme ceux de l\u2019AEC. Des cadres responsables et comp\u00e9tents sont affect\u00e9s \u00e0 tous les domaines sp\u00e9cialis\u00e9s de l\u2019AEC. Leur r\u00f4le est d\u2019\u00e9largir en permanence les connaissances de l\u2019AEC dans leurs domaines d\u2019expertise respectifs, de cr\u00e9er de la documentation et de la [&hellip;]<\/p>\n","protected":false},"author":1,"featured_media":0,"parent":0,"menu_order":0,"comment_status":"closed","ping_status":"closed","template":"knowledge-management-service.php","meta":{"footnotes":""},"class_list":["post-1201","page","type-page","status-publish","hentry"],"acf":[],"_links":{"self":[{"href":"https:\/\/alabdulhadiengineering.com\/fr\/wp-json\/wp\/v2\/pages\/1201","targetHints":{"allow":["GET"]}}],"collection":[{"href":"https:\/\/alabdulhadiengineering.com\/fr\/wp-json\/wp\/v2\/pages"}],"about":[{"href":"https:\/\/alabdulhadiengineering.com\/fr\/wp-json\/wp\/v2\/types\/page"}],"author":[{"embeddable":true,"href":"https:\/\/alabdulhadiengineering.com\/fr\/wp-json\/wp\/v2\/users\/1"}],"replies":[{"embeddable":true,"href":"https:\/\/alabdulhadiengineering.com\/fr\/wp-json\/wp\/v2\/comments?post=1201"}],"version-history":[{"count":1,"href":"https:\/\/alabdulhadiengineering.com\/fr\/wp-json\/wp\/v2\/pages\/1201\/revisions"}],"predecessor-version":[{"id":1202,"href":"https:\/\/alabdulhadiengineering.com\/fr\/wp-json\/wp\/v2\/pages\/1201\/revisions\/1202"}],"wp:attachment":[{"href":"https:\/\/alabdulhadiengineering.com\/fr\/wp-json\/wp\/v2\/media?parent=1201"}],"curies":[{"name":"wp","href":"https:\/\/api.w.org\/{rel}","templated":true}]}}