{"id":1197,"date":"2025-04-30T06:37:48","date_gmt":"2025-04-30T06:37:48","guid":{"rendered":"https:\/\/www.alabdulhadiengineering.com\/quality-management\/"},"modified":"2025-05-06T09:57:16","modified_gmt":"2025-05-06T09:57:16","slug":"quality-management","status":"publish","type":"page","link":"https:\/\/alabdulhadiengineering.com\/fr\/quality-management\/","title":{"rendered":"Gestion de la qualit\u00e9"},"content":{"rendered":"<h3>Syst\u00e8me de gestion int\u00e9gr\u00e9<\/h3>\n<p>AEC s\u2019efforce d\u2019atteindre le leadership du march\u00e9 par la qualit\u00e9 dans ses principaux domaines d\u2019activit\u00e9, et donc la qualit\u00e9 des services de l\u2019AEC est d\u2019une importance primordiale.<\/p>\n<p>Le syst\u00e8me de gestion int\u00e9gr\u00e9 (SGI) d\u2019AEC comprend un syst\u00e8me de gestion de la qualit\u00e9 pour aider AEC \u00e0 s\u2019assurer que les services rendus sont d\u2019une qualit\u00e9 et d\u2019une fiabilit\u00e9 constantes.<\/p>\n<p>Le SGI est mis \u00e0 jour r\u00e9guli\u00e8rement afin d\u2019optimiser le niveau de performance d\u2019AEC et de mieux servir ses clients. Le syst\u00e8me est certifi\u00e9 ISO 9001 dans sa derni\u00e8re \u00e9dition.<\/p>\n","protected":false},"excerpt":{"rendered":"<p>Syst\u00e8me de gestion int\u00e9gr\u00e9 AEC s\u2019efforce d\u2019atteindre le leadership du march\u00e9 par la qualit\u00e9 dans ses principaux domaines d\u2019activit\u00e9, et donc la qualit\u00e9 des services de l\u2019AEC est d\u2019une importance primordiale. Le syst\u00e8me de gestion int\u00e9gr\u00e9 (SGI) d\u2019AEC comprend un syst\u00e8me de gestion de la qualit\u00e9 pour aider AEC \u00e0 s\u2019assurer que les services rendus [&hellip;]<\/p>\n","protected":false},"author":1,"featured_media":0,"parent":0,"menu_order":0,"comment_status":"closed","ping_status":"closed","template":"quantity-management-service.php","meta":{"footnotes":""},"class_list":["post-1197","page","type-page","status-publish","hentry"],"acf":[],"_links":{"self":[{"href":"https:\/\/alabdulhadiengineering.com\/fr\/wp-json\/wp\/v2\/pages\/1197","targetHints":{"allow":["GET"]}}],"collection":[{"href":"https:\/\/alabdulhadiengineering.com\/fr\/wp-json\/wp\/v2\/pages"}],"about":[{"href":"https:\/\/alabdulhadiengineering.com\/fr\/wp-json\/wp\/v2\/types\/page"}],"author":[{"embeddable":true,"href":"https:\/\/alabdulhadiengineering.com\/fr\/wp-json\/wp\/v2\/users\/1"}],"replies":[{"embeddable":true,"href":"https:\/\/alabdulhadiengineering.com\/fr\/wp-json\/wp\/v2\/comments?post=1197"}],"version-history":[{"count":2,"href":"https:\/\/alabdulhadiengineering.com\/fr\/wp-json\/wp\/v2\/pages\/1197\/revisions"}],"predecessor-version":[{"id":1200,"href":"https:\/\/alabdulhadiengineering.com\/fr\/wp-json\/wp\/v2\/pages\/1197\/revisions\/1200"}],"wp:attachment":[{"href":"https:\/\/alabdulhadiengineering.com\/fr\/wp-json\/wp\/v2\/media?parent=1197"}],"curies":[{"name":"wp","href":"https:\/\/api.w.org\/{rel}","templated":true}]}}