{"id":1192,"date":"2025-04-29T13:04:37","date_gmt":"2025-04-29T13:04:37","guid":{"rendered":"https:\/\/www.alabdulhadiengineering.com\/health-safety-security-environment\/"},"modified":"2025-05-06T09:13:17","modified_gmt":"2025-05-06T09:13:17","slug":"health-safety-security-environment","status":"publish","type":"page","link":"https:\/\/alabdulhadiengineering.com\/fr\/health-safety-security-environment\/","title":{"rendered":"Sant\u00e9, s\u00e9curit\u00e9 et environnement"},"content":{"rendered":"<p>La protection de l\u2019environnement et la sant\u00e9, la s\u00e9curit\u00e9 et la s\u00fbret\u00e9 du personnel de l\u2019AEC et des tiers sont une priorit\u00e9 absolue dans toutes les actions de l\u2019AEC.<\/p>\n<p>Par cons\u00e9quent, la sant\u00e9, la s\u00e9curit\u00e9 et la protection de l\u2019environnement (HSSE) font partie int\u00e9grante du syst\u00e8me de gestion int\u00e9gr\u00e9e (SGI) de l\u2019AEC, qui constitue la colonne vert\u00e9brale de l\u2019AEC.<\/p>\n<p>Le syst\u00e8me est certifi\u00e9 ISO 45001 et ISO 14001 dans leurs derni\u00e8res \u00e9ditions.<\/p>\n","protected":false},"excerpt":{"rendered":"<p>La protection de l\u2019environnement et la sant\u00e9, la s\u00e9curit\u00e9 et la s\u00fbret\u00e9 du personnel de l\u2019AEC et des tiers sont une priorit\u00e9 absolue dans toutes les actions de l\u2019AEC. Par cons\u00e9quent, la sant\u00e9, la s\u00e9curit\u00e9 et la protection de l\u2019environnement (HSSE) font partie int\u00e9grante du syst\u00e8me de gestion int\u00e9gr\u00e9e (SGI) de l\u2019AEC, qui constitue la [&hellip;]<\/p>\n","protected":false},"author":1,"featured_media":0,"parent":0,"menu_order":0,"comment_status":"closed","ping_status":"closed","template":"health-safety-service-template.php","meta":{"footnotes":""},"class_list":["post-1192","page","type-page","status-publish","hentry"],"acf":[],"_links":{"self":[{"href":"https:\/\/alabdulhadiengineering.com\/fr\/wp-json\/wp\/v2\/pages\/1192","targetHints":{"allow":["GET"]}}],"collection":[{"href":"https:\/\/alabdulhadiengineering.com\/fr\/wp-json\/wp\/v2\/pages"}],"about":[{"href":"https:\/\/alabdulhadiengineering.com\/fr\/wp-json\/wp\/v2\/types\/page"}],"author":[{"embeddable":true,"href":"https:\/\/alabdulhadiengineering.com\/fr\/wp-json\/wp\/v2\/users\/1"}],"replies":[{"embeddable":true,"href":"https:\/\/alabdulhadiengineering.com\/fr\/wp-json\/wp\/v2\/comments?post=1192"}],"version-history":[{"count":3,"href":"https:\/\/alabdulhadiengineering.com\/fr\/wp-json\/wp\/v2\/pages\/1192\/revisions"}],"predecessor-version":[{"id":1195,"href":"https:\/\/alabdulhadiengineering.com\/fr\/wp-json\/wp\/v2\/pages\/1192\/revisions\/1195"}],"wp:attachment":[{"href":"https:\/\/alabdulhadiengineering.com\/fr\/wp-json\/wp\/v2\/media?parent=1192"}],"curies":[{"name":"wp","href":"https:\/\/api.w.org\/{rel}","templated":true}]}}