{"id":1190,"date":"2025-04-29T13:03:59","date_gmt":"2025-04-29T13:03:59","guid":{"rendered":"https:\/\/www.alabdulhadiengineering.com\/project-management\/"},"modified":"2025-05-06T09:08:52","modified_gmt":"2025-05-06T09:08:52","slug":"project-management","status":"publish","type":"page","link":"https:\/\/alabdulhadiengineering.com\/fr\/project-management\/","title":{"rendered":"Gestion de projet"},"content":{"rendered":"<p>Dans le cadre de ses efforts pour atteindre l\u2019excellence en ing\u00e9nierie, AEC a mis au point son propre syst\u00e8me de gestion de projet pour les services de PMC des projets d\u2019investissement (PMS-PMC). Le PMS-PMC est une approche syst\u00e9matique de la gestion de projet qui repose sur les pratiques exemplaires de l\u2019industrie. Il est appliqu\u00e9 aux projets d\u2019investissement \u00e0 grande \u00e9chelle chaque fois que les clients ne commandent pas l\u2019application de leur propre syst\u00e8me de gestion.<\/p>\n<p>Le PMS-PMC peut \u00eatre adapt\u00e9 aux besoins des clients de l\u2019AEC et il cr\u00e9e la base pour une ex\u00e9cution r\u00e9ussie du projet. Il est bas\u00e9 sur le cadre de gestion publi\u00e9 par l\u2019Institut de gestion de projet (PMI) et permet une adaptation future aux eventuels changements des beoins.<\/p>\n","protected":false},"excerpt":{"rendered":"<p>Dans le cadre de ses efforts pour atteindre l\u2019excellence en ing\u00e9nierie, AEC a mis au point son propre syst\u00e8me de gestion de projet pour les services de PMC des projets d\u2019investissement (PMS-PMC). Le PMS-PMC est une approche syst\u00e9matique de la gestion de projet qui repose sur les pratiques exemplaires de l\u2019industrie. Il est appliqu\u00e9 aux [&hellip;]<\/p>\n","protected":false},"author":1,"featured_media":0,"parent":0,"menu_order":0,"comment_status":"closed","ping_status":"closed","template":"building-engineering-template.php","meta":{"footnotes":""},"class_list":["post-1190","page","type-page","status-publish","hentry"],"acf":[],"_links":{"self":[{"href":"https:\/\/alabdulhadiengineering.com\/fr\/wp-json\/wp\/v2\/pages\/1190","targetHints":{"allow":["GET"]}}],"collection":[{"href":"https:\/\/alabdulhadiengineering.com\/fr\/wp-json\/wp\/v2\/pages"}],"about":[{"href":"https:\/\/alabdulhadiengineering.com\/fr\/wp-json\/wp\/v2\/types\/page"}],"author":[{"embeddable":true,"href":"https:\/\/alabdulhadiengineering.com\/fr\/wp-json\/wp\/v2\/users\/1"}],"replies":[{"embeddable":true,"href":"https:\/\/alabdulhadiengineering.com\/fr\/wp-json\/wp\/v2\/comments?post=1190"}],"version-history":[{"count":1,"href":"https:\/\/alabdulhadiengineering.com\/fr\/wp-json\/wp\/v2\/pages\/1190\/revisions"}],"predecessor-version":[{"id":1191,"href":"https:\/\/alabdulhadiengineering.com\/fr\/wp-json\/wp\/v2\/pages\/1190\/revisions\/1191"}],"wp:attachment":[{"href":"https:\/\/alabdulhadiengineering.com\/fr\/wp-json\/wp\/v2\/media?parent=1190"}],"curies":[{"name":"wp","href":"https:\/\/api.w.org\/{rel}","templated":true}]}}