{"id":1187,"date":"2025-04-29T12:56:04","date_gmt":"2025-04-29T12:56:04","guid":{"rendered":"https:\/\/www.alabdulhadiengineering.com\/project-construction-management\/"},"modified":"2025-05-06T09:07:10","modified_gmt":"2025-05-06T09:07:10","slug":"project-construction-management","status":"publish","type":"page","link":"https:\/\/alabdulhadiengineering.com\/fr\/project-construction-management\/","title":{"rendered":"Gestion de la construction des projets"},"content":{"rendered":"<h3 class=\"sec-title\">Cr\u00e9er la certitude, offrir l\u2019excellence.<\/h3>\n<p>Nous \u00e9tablissons des priorit\u00e9s en fonction des besoins du client, en veillant \u00e0 ce que la communication soit claire et \u00e0 ce qu\u2019il n\u2019y ait pas de \u00ab\u00a0surprises\u00a0\u00bb pendant toute la dur\u00e9e d\u2019un projet.\u00a0\u00bb<\/p>\n","protected":false},"excerpt":{"rendered":"<p>Cr\u00e9er la certitude, offrir l\u2019excellence. Nous \u00e9tablissons des priorit\u00e9s en fonction des besoins du client, en veillant \u00e0 ce que la communication soit claire et \u00e0 ce qu\u2019il n\u2019y ait pas de \u00ab\u00a0surprises\u00a0\u00bb pendant toute la dur\u00e9e d\u2019un projet.\u00a0\u00bb<\/p>\n","protected":false},"author":1,"featured_media":0,"parent":0,"menu_order":0,"comment_status":"closed","ping_status":"closed","template":"building-engineering-template.php","meta":{"footnotes":""},"class_list":["post-1187","page","type-page","status-publish","hentry"],"acf":[],"_links":{"self":[{"href":"https:\/\/alabdulhadiengineering.com\/fr\/wp-json\/wp\/v2\/pages\/1187","targetHints":{"allow":["GET"]}}],"collection":[{"href":"https:\/\/alabdulhadiengineering.com\/fr\/wp-json\/wp\/v2\/pages"}],"about":[{"href":"https:\/\/alabdulhadiengineering.com\/fr\/wp-json\/wp\/v2\/types\/page"}],"author":[{"embeddable":true,"href":"https:\/\/alabdulhadiengineering.com\/fr\/wp-json\/wp\/v2\/users\/1"}],"replies":[{"embeddable":true,"href":"https:\/\/alabdulhadiengineering.com\/fr\/wp-json\/wp\/v2\/comments?post=1187"}],"version-history":[{"count":2,"href":"https:\/\/alabdulhadiengineering.com\/fr\/wp-json\/wp\/v2\/pages\/1187\/revisions"}],"predecessor-version":[{"id":1189,"href":"https:\/\/alabdulhadiengineering.com\/fr\/wp-json\/wp\/v2\/pages\/1187\/revisions\/1189"}],"wp:attachment":[{"href":"https:\/\/alabdulhadiengineering.com\/fr\/wp-json\/wp\/v2\/media?parent=1187"}],"curies":[{"name":"wp","href":"https:\/\/api.w.org\/{rel}","templated":true}]}}