{"id":1181,"date":"2025-04-29T12:13:25","date_gmt":"2025-04-29T12:13:25","guid":{"rendered":"https:\/\/www.alabdulhadiengineering.com\/sustainability-environment-2\/"},"modified":"2025-05-06T08:55:57","modified_gmt":"2025-05-06T08:55:57","slug":"sustainability-environment-2","status":"publish","type":"page","link":"https:\/\/alabdulhadiengineering.com\/fr\/sustainability-environment-2\/","title":{"rendered":"D\u00e9veloppement durable et environnement"},"content":{"rendered":"<p>AEC int\u00e8gre activement la planification, l\u2019analyse, la technologie et les politiques publiques pour forger un avenir au-del\u00e0 des b\u00e2timents \u00e9cologiques. Notre approche \u00e9tablit un \u00e9quilibre entre les consid\u00e9rations, en privil\u00e9giant le respect du bien-\u00eatre soci\u00e9tal et environnemental \u00e0 long terme, tout en \u00e9quilibrant la viabilit\u00e9 \u00e9conomique.<\/p>\n","protected":false},"excerpt":{"rendered":"<p>AEC int\u00e8gre activement la planification, l\u2019analyse, la technologie et les politiques publiques pour forger un avenir au-del\u00e0 des b\u00e2timents \u00e9cologiques. Notre approche \u00e9tablit un \u00e9quilibre entre les consid\u00e9rations, en privil\u00e9giant le respect du bien-\u00eatre soci\u00e9tal et environnemental \u00e0 long terme, tout en \u00e9quilibrant la viabilit\u00e9 \u00e9conomique.<\/p>\n","protected":false},"author":1,"featured_media":0,"parent":0,"menu_order":0,"comment_status":"closed","ping_status":"closed","template":"building-engineering-template.php","meta":{"footnotes":""},"class_list":["post-1181","page","type-page","status-publish","hentry"],"acf":[],"_links":{"self":[{"href":"https:\/\/alabdulhadiengineering.com\/fr\/wp-json\/wp\/v2\/pages\/1181","targetHints":{"allow":["GET"]}}],"collection":[{"href":"https:\/\/alabdulhadiengineering.com\/fr\/wp-json\/wp\/v2\/pages"}],"about":[{"href":"https:\/\/alabdulhadiengineering.com\/fr\/wp-json\/wp\/v2\/types\/page"}],"author":[{"embeddable":true,"href":"https:\/\/alabdulhadiengineering.com\/fr\/wp-json\/wp\/v2\/users\/1"}],"replies":[{"embeddable":true,"href":"https:\/\/alabdulhadiengineering.com\/fr\/wp-json\/wp\/v2\/comments?post=1181"}],"version-history":[{"count":3,"href":"https:\/\/alabdulhadiengineering.com\/fr\/wp-json\/wp\/v2\/pages\/1181\/revisions"}],"predecessor-version":[{"id":1184,"href":"https:\/\/alabdulhadiengineering.com\/fr\/wp-json\/wp\/v2\/pages\/1181\/revisions\/1184"}],"wp:attachment":[{"href":"https:\/\/alabdulhadiengineering.com\/fr\/wp-json\/wp\/v2\/media?parent=1181"}],"curies":[{"name":"wp","href":"https:\/\/api.w.org\/{rel}","templated":true}]}}