{"id":1171,"date":"2025-04-29T08:20:23","date_gmt":"2025-04-29T08:20:23","guid":{"rendered":"https:\/\/www.alabdulhadiengineering.com\/vision-values-beliefs\/"},"modified":"2025-05-08T10:10:53","modified_gmt":"2025-05-08T10:10:53","slug":"vision-values-beliefs","status":"publish","type":"page","link":"https:\/\/alabdulhadiengineering.com\/fr\/vision-values-beliefs\/","title":{"rendered":"Vision, Valeurs et Convictions"},"content":{"rendered":"<h3 class=\"sec-title\">Vision et Mission d\u2019AEC<\/h3>\n<p class=\"sec-text\">La VISION d\u2019AEC est de fournir des solutions de haute qualit\u00e9 et innovantes \u00e0 un large \u00e9ventail des services d&rsquo;ing\u00e9nierie.<\/p>\n<p class=\"sec-text\">\u00catre le Leader dans le domaine de l\u2019ing\u00e9nierie, de la construction et de la gestion de projet, ainsi qu\u2019une soci\u00e9t\u00e9 prosp\u00e8re et bien diversifi\u00e9e dans le pays.<\/p>\n<p class=\"sec-text\">NOTRE MISSION est de fournir \u00e0 nos clients des services de qualit\u00e9 et rentables ainsi que des solutions novatrices \u00e0 leurs d\u00e9fis, et surtout d\u2019\u00e9tablir de bonnes relations \u00e0 long terme avec nos clients. Nous nous engageons \u00e0 :<\/p>\n","protected":false},"excerpt":{"rendered":"<p>Vision et Mission d\u2019AEC La VISION d\u2019AEC est de fournir des solutions de haute qualit\u00e9 et innovantes \u00e0 un large \u00e9ventail des services d&rsquo;ing\u00e9nierie. \u00catre le Leader dans le domaine de l\u2019ing\u00e9nierie, de la construction et de la gestion de projet, ainsi qu\u2019une soci\u00e9t\u00e9 prosp\u00e8re et bien diversifi\u00e9e dans le pays. NOTRE MISSION est de [&hellip;]<\/p>\n","protected":false},"author":1,"featured_media":0,"parent":0,"menu_order":0,"comment_status":"closed","ping_status":"closed","template":"vision-values.php","meta":{"footnotes":""},"class_list":["post-1171","page","type-page","status-publish","hentry"],"acf":[],"_links":{"self":[{"href":"https:\/\/alabdulhadiengineering.com\/fr\/wp-json\/wp\/v2\/pages\/1171","targetHints":{"allow":["GET"]}}],"collection":[{"href":"https:\/\/alabdulhadiengineering.com\/fr\/wp-json\/wp\/v2\/pages"}],"about":[{"href":"https:\/\/alabdulhadiengineering.com\/fr\/wp-json\/wp\/v2\/types\/page"}],"author":[{"embeddable":true,"href":"https:\/\/alabdulhadiengineering.com\/fr\/wp-json\/wp\/v2\/users\/1"}],"replies":[{"embeddable":true,"href":"https:\/\/alabdulhadiengineering.com\/fr\/wp-json\/wp\/v2\/comments?post=1171"}],"version-history":[{"count":9,"href":"https:\/\/alabdulhadiengineering.com\/fr\/wp-json\/wp\/v2\/pages\/1171\/revisions"}],"predecessor-version":[{"id":1267,"href":"https:\/\/alabdulhadiengineering.com\/fr\/wp-json\/wp\/v2\/pages\/1171\/revisions\/1267"}],"wp:attachment":[{"href":"https:\/\/alabdulhadiengineering.com\/fr\/wp-json\/wp\/v2\/media?parent=1171"}],"curies":[{"name":"wp","href":"https:\/\/api.w.org\/{rel}","templated":true}]}}