{"id":1168,"date":"2025-04-29T07:39:32","date_gmt":"2025-04-29T07:39:32","guid":{"rendered":"https:\/\/www.alabdulhadiengineering.com\/about-us\/"},"modified":"2025-05-06T07:23:13","modified_gmt":"2025-05-06T07:23:13","slug":"about-us","status":"publish","type":"page","link":"https:\/\/alabdulhadiengineering.com\/fr\/about-us\/","title":{"rendered":"\u00c0 propos"},"content":{"rendered":"<h2 class=\"sec-title\">Al-Abdulhadi Engineering Consultancy<\/h2>\n<p class=\"sec-text\">Al-Abdulhadi Engineering Consultancy (AEC) est devenue membre du Conseil d\u2019organisation des cabinets des consultants en 2003, qui comprend les domaines suivants\u00a0: architecture, planification g\u00e9n\u00e9rale, gestion de projet, supervision des constructions et ing\u00e9nieurs-conseils.<\/p>\n<p class=\"sec-text\">Al-Abdulhadi Engineering Consultancy (AEC) est sp\u00e9cialis\u00e9 dans de nombreux secteurs, parmis eux on cite\u00a0: Plannification architecturle, Cabinet d&rsquo;ing\u00e9nierie et de gestion de construction, et c\u2019est un cabinet bien \u00e9tablie de Consulting en Ing\u00e9nierie au sein de l\u2019\u00e9tat du Kowe\u00eft, o\u00f9 le si\u00e8ge social fonctionne efficacement. Nos autres filiales sont r\u00e9parties dans la r\u00e9gion du golfe, en Asie, en Afrique et dans de nombreuses autres r\u00e9gions. Notre exp\u00e9rience professionnelle s\u2019\u00e9tend aux projets commerciaux, r\u00e9sidentiels, de divertissement, culturels, \u00e9lectriques, de transport et de soins de sant\u00e9.<\/p>\n<p class=\"sec-text\">AEC vise \u00e0 gagner votre confiance par l\u2019int\u00e9grit\u00e9 dans le code de conduite et l\u2019excellence en mati\u00e8re de performance.<\/p>\n","protected":false},"excerpt":{"rendered":"<p>Al-Abdulhadi Engineering Consultancy Al-Abdulhadi Engineering Consultancy (AEC) est devenue membre du Conseil d\u2019organisation des cabinets des consultants en 2003, qui comprend les domaines suivants\u00a0: architecture, planification g\u00e9n\u00e9rale, gestion de projet, supervision des constructions et ing\u00e9nieurs-conseils. Al-Abdulhadi Engineering Consultancy (AEC) est sp\u00e9cialis\u00e9 dans de nombreux secteurs, parmis eux on cite\u00a0: Plannification architecturle, Cabinet d&rsquo;ing\u00e9nierie et de [&hellip;]<\/p>\n","protected":false},"author":1,"featured_media":0,"parent":0,"menu_order":0,"comment_status":"closed","ping_status":"closed","template":"about.php","meta":{"footnotes":""},"class_list":["post-1168","page","type-page","status-publish","hentry"],"acf":[],"_links":{"self":[{"href":"https:\/\/alabdulhadiengineering.com\/fr\/wp-json\/wp\/v2\/pages\/1168","targetHints":{"allow":["GET"]}}],"collection":[{"href":"https:\/\/alabdulhadiengineering.com\/fr\/wp-json\/wp\/v2\/pages"}],"about":[{"href":"https:\/\/alabdulhadiengineering.com\/fr\/wp-json\/wp\/v2\/types\/page"}],"author":[{"embeddable":true,"href":"https:\/\/alabdulhadiengineering.com\/fr\/wp-json\/wp\/v2\/users\/1"}],"replies":[{"embeddable":true,"href":"https:\/\/alabdulhadiengineering.com\/fr\/wp-json\/wp\/v2\/comments?post=1168"}],"version-history":[{"count":2,"href":"https:\/\/alabdulhadiengineering.com\/fr\/wp-json\/wp\/v2\/pages\/1168\/revisions"}],"predecessor-version":[{"id":1170,"href":"https:\/\/alabdulhadiengineering.com\/fr\/wp-json\/wp\/v2\/pages\/1168\/revisions\/1170"}],"wp:attachment":[{"href":"https:\/\/alabdulhadiengineering.com\/fr\/wp-json\/wp\/v2\/media?parent=1168"}],"curies":[{"name":"wp","href":"https:\/\/api.w.org\/{rel}","templated":true}]}}