{"id":114,"date":"2025-04-28T08:29:34","date_gmt":"2025-04-28T08:29:34","guid":{"rendered":"https:\/\/www.alabdulhadiengineering.com\/building-engineering\/"},"modified":"2025-05-06T07:54:35","modified_gmt":"2025-05-06T07:54:35","slug":"building-engineering","status":"publish","type":"page","link":"https:\/\/alabdulhadiengineering.com\/fr\/building-engineering\/","title":{"rendered":"Ing\u00e9ni\u00e9rie du b\u00e2timent"},"content":{"rendered":"<p>Les ing\u00e9nieurs civils travaillent sur tous les aspects de la planification, la conception jusqu&rsquo;\u00e0 la construction ainsi que la pathalogie et la r\u00e9habilitation des b\u00e2timents ou des structures d&rsquo;infrastructure pour s\u2019assurer que les structures et les syst\u00e8mes sont assembl\u00e9s correctement. Selon la mission et le projet, nos ing\u00e9nieurs civils sont impliqu\u00e9s dans le projet du d\u00e9but \u00e0 la fin.<\/p>\n<p>Nos \u00e9quipes de conception d\u2019ing\u00e9nierie de b\u00e2timent combinent une pens\u00e9e innovante et un \u00e9tat d\u2019esprit durable. Nous offrons des solutions intelligentes et int\u00e9gr\u00e9es qui \u00e9tablissent des r\u00e9f\u00e9rences.<\/p>\n<p>Nos ing\u00e9nieurs con\u00e7oivent, construisent et entretiennent les fondations de notre soci\u00e9t\u00e9 moderne, nos b\u00e2timents, routes et ponts, syst\u00e8mes d\u2019eau potable et d\u2019\u00e9nergie, \u00e9coles, h\u00f4pitaux, logements r\u00e9sidentiels, mosqu\u00e9es, centres commerciaux, Les b\u00e2timents du patrimoine et l\u2019infrastructure pour un environnement plus propre.<\/p>\n","protected":false},"excerpt":{"rendered":"<p>Les ing\u00e9nieurs civils travaillent sur tous les aspects de la planification, la conception jusqu&rsquo;\u00e0 la construction ainsi que la pathalogie et la r\u00e9habilitation des b\u00e2timents ou des structures d&rsquo;infrastructure pour s\u2019assurer que les structures et les syst\u00e8mes sont assembl\u00e9s correctement. Selon la mission et le projet, nos ing\u00e9nieurs civils sont impliqu\u00e9s dans le projet du [&hellip;]<\/p>\n","protected":false},"author":1,"featured_media":0,"parent":0,"menu_order":0,"comment_status":"closed","ping_status":"closed","template":"building-engineering-template.php","meta":{"footnotes":""},"class_list":["post-114","page","type-page","status-publish","hentry"],"acf":[],"_links":{"self":[{"href":"https:\/\/alabdulhadiengineering.com\/fr\/wp-json\/wp\/v2\/pages\/114","targetHints":{"allow":["GET"]}}],"collection":[{"href":"https:\/\/alabdulhadiengineering.com\/fr\/wp-json\/wp\/v2\/pages"}],"about":[{"href":"https:\/\/alabdulhadiengineering.com\/fr\/wp-json\/wp\/v2\/types\/page"}],"author":[{"embeddable":true,"href":"https:\/\/alabdulhadiengineering.com\/fr\/wp-json\/wp\/v2\/users\/1"}],"replies":[{"embeddable":true,"href":"https:\/\/alabdulhadiengineering.com\/fr\/wp-json\/wp\/v2\/comments?post=114"}],"version-history":[{"count":7,"href":"https:\/\/alabdulhadiengineering.com\/fr\/wp-json\/wp\/v2\/pages\/114\/revisions"}],"predecessor-version":[{"id":1177,"href":"https:\/\/alabdulhadiengineering.com\/fr\/wp-json\/wp\/v2\/pages\/114\/revisions\/1177"}],"wp:attachment":[{"href":"https:\/\/alabdulhadiengineering.com\/fr\/wp-json\/wp\/v2\/media?parent=114"}],"curies":[{"name":"wp","href":"https:\/\/api.w.org\/{rel}","templated":true}]}}